{"id":370,"date":"2025-08-04T20:05:39","date_gmt":"2025-08-04T20:05:39","guid":{"rendered":"https:\/\/tachrone.ma\/blog\/?page_id=370"},"modified":"2025-09-29T08:04:47","modified_gmt":"2025-09-29T08:04:47","slug":"essentiels","status":"publish","type":"page","link":"https:\/\/tachrone.ma\/blog\/essentiels\/","title":{"rendered":"Essentiels"},"content":{"rendered":"\t\t<div data-elementor-type=\"wp-page\" data-elementor-id=\"370\" class=\"elementor elementor-370\" data-elementor-post-type=\"page\">\n\t\t\t\t<div class=\"elementor-element elementor-element-dfb28c2 e-flex e-con-boxed e-con e-parent\" data-id=\"dfb28c2\" data-element_type=\"container\">\n\t\t\t\t\t<div class=\"e-con-inner\">\n\t\t\t\t<div class=\"elementor-element elementor-element-7c7d383 elementor-widget elementor-widget-html\" data-id=\"7c7d383\" data-element_type=\"widget\" data-widget_type=\"html.default\">\n\t\t\t\t\t<div id=\"tachrone-essentials\"><\/div>\r\n\t\t\t\t<\/div>\n\t\t\t\t\t<\/div>\n\t\t\t\t<\/div>\n\t\t<div class=\"elementor-element elementor-element-1027949 e-flex e-con-boxed e-con e-parent\" data-id=\"1027949\" data-element_type=\"container\" data-settings=\"{&quot;background_background&quot;:&quot;classic&quot;}\">\n\t\t\t\t\t<div class=\"e-con-inner\">\n\t\t<div class=\"elementor-element elementor-element-8f06e4d e-con-full e-flex e-con e-child\" data-id=\"8f06e4d\" data-element_type=\"container\">\n\t\t\t\t<div class=\"elementor-element elementor-element-544f659 elementor-widget elementor-widget-image\" data-id=\"544f659\" data-element_type=\"widget\" data-widget_type=\"image.default\">\n\t\t\t\t\t\t\t\t\t\t\t\t\t\t\t<img fetchpriority=\"high\" decoding=\"async\" width=\"800\" height=\"670\" src=\"https:\/\/tachrone.ma\/blog\/wp-content\/uploads\/2025\/08\/tachrone-1024x858.png\" class=\"attachment-large size-large wp-image-203\" alt=\"\" srcset=\"https:\/\/tachrone.ma\/blog\/wp-content\/uploads\/2025\/08\/tachrone-1024x858.png 1024w, https:\/\/tachrone.ma\/blog\/wp-content\/uploads\/2025\/08\/tachrone-300x251.png 300w, https:\/\/tachrone.ma\/blog\/wp-content\/uploads\/2025\/08\/tachrone-768x644.png 768w, https:\/\/tachrone.ma\/blog\/wp-content\/uploads\/2025\/08\/tachrone-1536x1288.png 1536w, https:\/\/tachrone.ma\/blog\/wp-content\/uploads\/2025\/08\/tachrone-2048x1717.png 2048w\" sizes=\"(max-width: 800px) 100vw, 800px\" title=\"\">\t\t\t\t\t\t\t\t\t\t\t\t\t\t\t<\/div>\n\t\t\t\t<\/div>\n\t\t<div class=\"elementor-element elementor-element-e0dd0e7 e-con-full e-flex e-con e-child\" data-id=\"e0dd0e7\" data-element_type=\"container\">\n\t\t\t\t<div class=\"elementor-element elementor-element-f48ecc8 elementor-widget elementor-widget-heading\" data-id=\"f48ecc8\" data-element_type=\"widget\" data-widget_type=\"heading.default\">\n\t\t\t\t\t<h2 class=\"elementor-heading-title elementor-size-default\">Abonnez-vous \u00e0 notre newsletter pour rester inform\u00e9(e) des derni\u00e8res actualit\u00e9s dans le secteur du BTP<\/h2>\t\t\t\t<\/div>\n\t\t\t\t<div class=\"elementor-element elementor-element-1f67361 elementor-button-align-stretch elementor-widget elementor-widget-form\" data-id=\"1f67361\" data-element_type=\"widget\" data-settings=\"{&quot;button_width&quot;:&quot;25&quot;,&quot;step_next_label&quot;:&quot;Next&quot;,&quot;step_previous_label&quot;:&quot;Previous&quot;,&quot;step_type&quot;:&quot;number_text&quot;,&quot;step_icon_shape&quot;:&quot;circle&quot;}\" data-widget_type=\"form.default\">\n\t\t\t\t\t\t\t<form class=\"elementor-form\" method=\"post\" name=\"New Form\" aria-label=\"New Form\">\n\t\t\t<input type=\"hidden\" name=\"post_id\" value=\"370\"\/>\n\t\t\t<input type=\"hidden\" name=\"form_id\" value=\"1f67361\"\/>\n\t\t\t<input type=\"hidden\" name=\"referer_title\" value=\"Essentiels &mdash; Tachrone\" \/>\n\n\t\t\t\t\t\t\t<input type=\"hidden\" name=\"queried_id\" value=\"370\"\/>\n\t\t\t\n\t\t\t<div class=\"elementor-form-fields-wrapper elementor-labels-\">\n\t\t\t\t\t\t\t\t<div class=\"elementor-field-type-email elementor-field-group elementor-column elementor-field-group-email elementor-col-75 elementor-field-required\">\n\t\t\t\t\t\t\t\t\t\t\t\t<label for=\"form-field-email\" class=\"elementor-field-label elementor-screen-only\">\n\t\t\t\t\t\t\t\tAdresse email\t\t\t\t\t\t\t<\/label>\n\t\t\t\t\t\t\t\t\t\t\t\t\t\t<input size=\"1\" type=\"email\" name=\"form_fields[email]\" id=\"form-field-email\" class=\"elementor-field elementor-size-lg  elementor-field-textual\" placeholder=\"Adresse email\" required=\"required\">\n\t\t\t\t\t\t\t\t\t\t\t<\/div>\n\t\t\t\t\t\t\t\t<div class=\"elementor-field-group elementor-column elementor-field-type-submit elementor-col-25 e-form__buttons\">\n\t\t\t\t\t<button class=\"elementor-button elementor-size-lg\" type=\"submit\">\n\t\t\t\t\t\t<span class=\"elementor-button-content-wrapper\">\n\t\t\t\t\t\t\t\t\t\t\t\t\t\t\t\t\t\t\t\t\t\t<span class=\"elementor-button-text\">S\u2019inscrire<\/span>\n\t\t\t\t\t\t\t\t\t\t\t\t\t<\/span>\n\t\t\t\t\t<\/button>\n\t\t\t\t<\/div>\n\t\t\t<\/div>\n\t\t<\/form>\n\t\t\t\t\t\t<\/div>\n\t\t\t\t<\/div>\n\t\t\t\t\t<\/div>\n\t\t\t\t<\/div>\n\t\t\t\t<\/div>\n\t\t","protected":false},"excerpt":{"rendered":"<p>Abonnez-vous \u00e0 notre newsletter pour rester inform\u00e9(e) des derni\u00e8res actualit\u00e9s dans le secteur du BTP<\/p>\n","protected":false},"author":4,"featured_media":0,"parent":0,"menu_order":0,"comment_status":"closed","ping_status":"closed","template":"","meta":{"_acf_changed":false,"footnotes":""},"class_list":["post-370","page","type-page","status-publish","hentry"],"acf":[],"_links":{"self":[{"href":"https:\/\/tachrone.ma\/blog\/wp-json\/wp\/v2\/pages\/370","targetHints":{"allow":["GET"]}}],"collection":[{"href":"https:\/\/tachrone.ma\/blog\/wp-json\/wp\/v2\/pages"}],"about":[{"href":"https:\/\/tachrone.ma\/blog\/wp-json\/wp\/v2\/types\/page"}],"author":[{"embeddable":true,"href":"https:\/\/tachrone.ma\/blog\/wp-json\/wp\/v2\/users\/4"}],"replies":[{"embeddable":true,"href":"https:\/\/tachrone.ma\/blog\/wp-json\/wp\/v2\/comments?post=370"}],"version-history":[{"count":19,"href":"https:\/\/tachrone.ma\/blog\/wp-json\/wp\/v2\/pages\/370\/revisions"}],"predecessor-version":[{"id":807,"href":"https:\/\/tachrone.ma\/blog\/wp-json\/wp\/v2\/pages\/370\/revisions\/807"}],"wp:attachment":[{"href":"https:\/\/tachrone.ma\/blog\/wp-json\/wp\/v2\/media?parent=370"}],"curies":[{"name":"wp","href":"https:\/\/api.w.org\/{rel}","templated":true}]}}